{"id":98,"date":"2024-08-31T05:48:21","date_gmt":"2024-08-31T05:48:21","guid":{"rendered":"https:\/\/lemondelaboratory.com\/?page_id=98"},"modified":"2024-09-10T00:34:35","modified_gmt":"2024-09-10T00:34:35","slug":"about-us","status":"publish","type":"page","link":"https:\/\/lemondelaboratory.com\/fr\/about-us\/","title":{"rendered":"\u00c0 propos de nous"},"content":{"rendered":"<div class=\"wp-block-stackable-columns alignfull stk-block-columns stk-block stk-8a0c19c stk-block-background stk--has-background-overlay\" data-block-id=\"8a0c19c\"><style>.stk-8a0c19c{background-color:linear-gradient(180deg,rgb(10,15,91) 60%,rgb(255,255,255) 100%) !important;background-image:url(https:\/\/lemondelaboratory.com\/wp-content\/uploads\/2024\/09\/doctor-performing-medical-research-lab-_1__11zon-scaled.webp) !important;min-height:551px !important;align-items:center !important;margin-bottom:0px !important;display:flex !important}.stk-8a0c19c:before{opacity:0.5 !important;background-image:linear-gradient(180deg,rgb(10,15,91) 60%,rgb(255,255,255) 100%) !important}<\/style><div class=\"stk-row stk-inner-blocks stk-block-content stk-content-align stk-8a0c19c-column alignfull\">\n<div class=\"wp-block-stackable-column stk-block-column stk-column stk-block stk-cde0c03\" data-v=\"4\" data-block-id=\"cde0c03\"><div class=\"stk-column-wrapper stk-block-column__content stk-container stk-cde0c03-container stk--no-background stk--no-padding\"><div class=\"stk-block-content stk-inner-blocks stk-cde0c03-inner-blocks\">\n<div class=\"wp-block-stackable-columns aligncenter stk-block-columns stk-block stk-c8efe94\" data-block-id=\"c8efe94\"><style>.stk-c8efe94-column{--stk-column-gap:25px !important;row-gap:25px !important}<\/style><div class=\"stk-row stk-inner-blocks stk-block-content stk-content-align stk-c8efe94-column\">\n<div class=\"wp-block-stackable-column stk-block-column stk-column stk-block stk-c8a1a2c animated fadeInUp\" data-v=\"4\" data-block-id=\"c8a1a2c\"><style>@media screen and (min-width:690px){.stk-c8a1a2c{flex:var(--stk-flex-grow,1) 1 calc(54.9% - var(--stk-column-gap,0px) * 1 \/ 2 ) !important}}<\/style><div class=\"stk-column-wrapper stk-block-column__content stk-container stk-c8a1a2c-container stk--no-background stk--no-padding\"><div class=\"stk-block-content stk-inner-blocks stk-c8a1a2c-inner-blocks\">\n<div class=\"wp-block-stackable-heading stk-block-heading stk-block-heading--v2 stk-block stk-02550f6\" id=\"span-style-color-var-theme-palette-color-1-c-7-df-49-class-stk-highlight-a-span-bout-us\" data-block-id=\"02550f6\"><style>.stk-02550f6 .stk-block-heading__text{font-size:50px !important;color:#ffffff !important;line-height:1.2em !important}@media screen and (max-width:999px){.stk-02550f6 .stk-block-heading__text{font-size:35px !important}}@media screen and (max-width:689px){.stk-02550f6 .stk-block-heading__text{font-size:28px !important}}<\/style><h1 class=\"stk-block-heading__text has-text-color\"><span style=\"color: var(--theme-palette-color-1, #c7df49);\" class=\"stk-highlight\">A<\/span>bout Us<\/h1><\/div>\n\n\n\n<div class=\"wp-block-stackable-text stk-block-text stk-block stk-324cf91 is-style-default\" data-block-id=\"324cf91\"><style>.stk-324cf91 .stk-block-text__text{font-size:18px !important;color:var(--theme-palette-color-8,#ffffff) !important}@media screen and (max-width:999px){.stk-324cf91 .stk-block-text__text{font-size:18px !important}}@media screen and (max-width:689px){.stk-324cf91 .stk-block-text__text{font-size:14px !important}}<\/style><p class=\"stk-block-text__text has-text-color\"><strong>LE MONDE LABORATORY <\/strong>is a company founded in the medical field, specializing in providing pre- and post-use drug testing services. Our primary goal is to significantly improve the health system and the safety of the population (public sector, private sector, and civil society). <\/p><\/div>\n\n\n\n<div class=\"wp-block-stackable-button-group stk-block-button-group stk-block stk-ecd9370\" data-block-id=\"ecd9370\"><div class=\"stk-row stk-inner-blocks stk-block-content stk-button-group\">\n<div class=\"wp-block-stackable-button stk-block-button stk-block stk-af9e612\" data-block-id=\"af9e612\"><style>.stk-af9e612 .stk-button{padding-right:28px !important;padding-left:28px !important;background:var(--theme-palette-color-4,#0a0f5b) !important}.stk-af9e612 .stk-button__inner-text{font-weight:600 !important;text-transform:uppercase !important}<\/style><a class=\"stk-link stk-button stk--hover-effect-darken\" href=\"\"><span class=\"stk-button__inner-text\">Contactez-nous<\/span><\/a><\/div>\n<\/div><\/div>\n<\/div><\/div><\/div>\n\n\n\n<div class=\"wp-block-stackable-column stk-block-column stk-column stk-block stk-c58af8d\" data-v=\"4\" data-block-id=\"c58af8d\"><style>@media screen and (min-width:690px){.stk-c58af8d{flex:var(--stk-flex-grow,1) 1 calc(45.099999999999994% - var(--stk-column-gap,0px) * 1 \/ 2 ) !important}}<\/style><div class=\"stk-column-wrapper stk-block-column__content stk-container stk-c58af8d-container stk--no-background stk--no-padding\"><div class=\"stk-block-content stk-inner-blocks stk-c58af8d-inner-blocks\"><\/div><\/div><\/div>\n<\/div><\/div>\n<\/div><\/div><\/div>\n<\/div><\/div>\n\n\n\n<div class=\"wp-block-stackable-columns alignfull stk-block-columns stk-block stk-417ddae stk-block-background\" data-block-id=\"417ddae\"><style>.stk-417ddae{background-color:#ffffff !important;margin-bottom:0px !important}.stk-417ddae:before{background-color:#ffffff !important}<\/style><div class=\"stk-row stk-inner-blocks stk-block-content stk-content-align stk-417ddae-column alignfull\">\n<div class=\"wp-block-stackable-column stk-block-column stk-column stk-block stk-f90d3cc\" data-v=\"4\" data-block-id=\"f90d3cc\"><div class=\"stk-column-wrapper stk-block-column__content stk-container stk-f90d3cc-container stk--no-background stk--no-padding\"><div class=\"stk-block-content stk-inner-blocks stk-f90d3cc-inner-blocks\">\n<div class=\"wp-block-stackable-columns aligncenter stk-block-columns stk-block stk-82c7a97\" data-block-id=\"82c7a97\"><style>.stk-82c7a97-column{--stk-columns-spacing:0px !important;--stk-column-gap:25px !important}@media screen and (max-width:689px){.stk-82c7a97-column{row-gap:25px !important}}<\/style><div class=\"stk-row stk-inner-blocks stk-block-content stk-content-align stk-82c7a97-column\">\n<div class=\"wp-block-stackable-column stk-block-column stk-column stk-block stk-41168e2\" data-v=\"4\" data-block-id=\"41168e2\"><style>.stk-41168e2{align-self:center !important}<\/style><div class=\"stk-column-wrapper stk-block-column__content stk-container stk-41168e2-container stk--no-background stk--no-padding\"><div class=\"stk-block-content stk-inner-blocks stk-41168e2-inner-blocks\">\n<div class=\"wp-block-stackable-heading stk-block-heading stk-block-heading--v2 stk-block stk-28fc534\" id=\"our-mision\" data-block-id=\"28fc534\"><style>.stk-28fc534 .stk-block-heading__text{font-size:50px !important}.stk-28fc534 .stk-block-heading__bottom-line{height:2px !important;background-color:var(--theme-palette-color-1,#c7df49) !important}@media screen and (max-width:999px){.stk-28fc534 .stk-block-heading__text{font-size:50px !important}}@media screen and (max-width:689px){.stk-28fc534 .stk-block-heading__text{font-size:28px !important}}<\/style><h2 class=\"stk-block-heading__text\">Notre mision<\/h2><div class=\"stk-block-heading__bottom-line\"><\/div><\/div>\n\n\n\n<p>Au LE MONDE LABORATORY, notre mission est de r\u00e9volutionner la m\u00e9decine.<\/p>\n\n\n\n<p>Am\u00e9liorer la s\u00e9curit\u00e9 au travail, promouvoir la sant\u00e9 publique et favoriser un monde sans drogue.<\/p>\n\n\n\n<div class=\"wp-block-stackable-button-group stk-block-button-group stk-block stk-eb68090\" data-block-id=\"eb68090\"><div class=\"stk-row stk-inner-blocks stk-block-content stk-button-group\">\n<div class=\"wp-block-stackable-button stk-block-button stk-block stk-4a074d0\" data-block-id=\"4a074d0\"><style>.stk-4a074d0 .stk-button{background:var(--theme-palette-color-4,#0a0f5b) !important}<\/style><a class=\"stk-link stk-button stk--hover-effect-darken\" href=\"\/fr\/contact\/\"><span class=\"stk-button__inner-text\">Contactez-nous<\/span><\/a><\/div>\n<\/div><\/div>\n<\/div><\/div><\/div>\n\n\n\n<div class=\"wp-block-stackable-column stk-block-column stk-column stk-block stk-7ebd324\" data-v=\"4\" data-block-id=\"7ebd324\"><div class=\"stk-column-wrapper stk-block-column__content stk-container stk-7ebd324-container stk--no-background stk--no-padding\"><div class=\"stk-block-content stk-inner-blocks stk-7ebd324-inner-blocks\">\n<div class=\"wp-block-stackable-image stk-block-image stk-block stk-0a2a3ae\" data-block-id=\"0a2a3ae\"><style>.stk-0a2a3ae .stk-img-wrapper{aspect-ratio:4\/3 !important;height:auto !important}@media screen and (max-width:999px){.stk-0a2a3ae .stk-img-wrapper{height:auto !important}}@media screen and (max-width:689px){.stk-0a2a3ae .stk-img-wrapper{height:auto !important}}<\/style><figure><span class=\"stk-img-wrapper stk-image--shape-stretch\"><img loading=\"lazy\" decoding=\"async\" class=\"stk-img wp-image-367\" src=\"https:\/\/lemondelaboratory.com\/wp-content\/uploads\/2024\/09\/48123124_11zon.webp\" width=\"1333\" height=\"2000\" srcset=\"https:\/\/lemondelaboratory.com\/wp-content\/uploads\/2024\/09\/48123124_11zon.webp 1333w, https:\/\/lemondelaboratory.com\/wp-content\/uploads\/2024\/09\/48123124_11zon-200x300.webp 200w, https:\/\/lemondelaboratory.com\/wp-content\/uploads\/2024\/09\/48123124_11zon-682x1024.webp 682w, https:\/\/lemondelaboratory.com\/wp-content\/uploads\/2024\/09\/48123124_11zon-768x1152.webp 768w, https:\/\/lemondelaboratory.com\/wp-content\/uploads\/2024\/09\/48123124_11zon-1024x1536.webp 1024w, https:\/\/lemondelaboratory.com\/wp-content\/uploads\/2024\/09\/48123124_11zon-8x12.webp 8w\" sizes=\"auto, (max-width: 1333px) 100vw, 1333px\" \/><\/span><\/figure><\/div>\n<\/div><\/div><\/div>\n<\/div><\/div>\n<\/div><\/div><\/div>\n<\/div><\/div>\n\n\n\n<div class=\"wp-block-stackable-columns alignfull stk-block-columns stk-block stk-d8d1e6a stk-block-background\" data-block-id=\"d8d1e6a\"><style>.stk-d8d1e6a{background-color:#ffffff !important}.stk-d8d1e6a:before{background-color:#ffffff !important}<\/style><div class=\"stk-row stk-inner-blocks stk-block-content stk-content-align stk-d8d1e6a-column alignfull\">\n<div class=\"wp-block-stackable-column stk-block-column stk-column stk-block stk-e0d05e6\" data-v=\"4\" data-block-id=\"e0d05e6\"><div class=\"stk-column-wrapper stk-block-column__content stk-container stk-e0d05e6-container stk--no-background stk--no-padding\"><div class=\"stk-block-content stk-inner-blocks stk-e0d05e6-inner-blocks\">\n<div class=\"wp-block-stackable-columns aligncenter stk-block-columns stk-block stk-22a7104\" data-block-id=\"22a7104\"><style>.stk-22a7104-column{--stk-columns-spacing:0px !important;--stk-column-gap:25px !important}@media screen and (max-width:689px){.stk-22a7104-column{row-gap:25px !important}.stk-22a7104{--stk-col-order-1:2 !important;--stk-col-order-2:1 !important}}<\/style><div class=\"stk-row stk-inner-blocks stk-block-content stk-content-align stk-22a7104-column\">\n<div class=\"wp-block-stackable-column stk-block-column stk-column stk-block stk-9ec5461\" data-v=\"4\" data-block-id=\"9ec5461\"><div class=\"stk-column-wrapper stk-block-column__content stk-container stk-9ec5461-container stk--no-background stk--no-padding\"><div class=\"stk-block-content stk-inner-blocks stk-9ec5461-inner-blocks\">\n<div class=\"wp-block-stackable-image stk-block-image stk-block stk-9f6b383\" data-block-id=\"9f6b383\"><style>.stk-9f6b383 .stk-img-wrapper{aspect-ratio:4\/3 !important;height:auto !important}@media screen and (max-width:999px){.stk-9f6b383 .stk-img-wrapper{height:auto !important}}@media screen and (max-width:689px){.stk-9f6b383 .stk-img-wrapper{height:auto !important}}<\/style><figure><span class=\"stk-img-wrapper stk-image--shape-stretch\"><img loading=\"lazy\" decoding=\"async\" class=\"stk-img wp-image-230\" src=\"https:\/\/lemondelaboratory.com\/wp-content\/uploads\/2024\/09\/pexels-shvetsa-4225920_11zon-scaled.webp\" width=\"2560\" height=\"1707\" srcset=\"https:\/\/lemondelaboratory.com\/wp-content\/uploads\/2024\/09\/pexels-shvetsa-4225920_11zon-scaled.webp 2560w, https:\/\/lemondelaboratory.com\/wp-content\/uploads\/2024\/09\/pexels-shvetsa-4225920_11zon-300x200.webp 300w, https:\/\/lemondelaboratory.com\/wp-content\/uploads\/2024\/09\/pexels-shvetsa-4225920_11zon-1024x683.webp 1024w, https:\/\/lemondelaboratory.com\/wp-content\/uploads\/2024\/09\/pexels-shvetsa-4225920_11zon-768x512.webp 768w, https:\/\/lemondelaboratory.com\/wp-content\/uploads\/2024\/09\/pexels-shvetsa-4225920_11zon-1536x1024.webp 1536w, https:\/\/lemondelaboratory.com\/wp-content\/uploads\/2024\/09\/pexels-shvetsa-4225920_11zon-2048x1365.webp 2048w, https:\/\/lemondelaboratory.com\/wp-content\/uploads\/2024\/09\/pexels-shvetsa-4225920_11zon-18x12.webp 18w\" sizes=\"auto, (max-width: 2560px) 100vw, 2560px\" \/><\/span><\/figure><\/div>\n<\/div><\/div><\/div>\n\n\n\n<div class=\"wp-block-stackable-column stk-block-column stk-column stk-block stk-a7c6dc6\" data-v=\"4\" data-block-id=\"a7c6dc6\"><style>.stk-a7c6dc6{align-self:center !important}<\/style><div class=\"stk-column-wrapper stk-block-column__content stk-container stk-a7c6dc6-container stk--no-background stk--no-padding\"><div class=\"stk-block-content stk-inner-blocks stk-a7c6dc6-inner-blocks\">\n<div class=\"wp-block-stackable-heading stk-block-heading stk-block-heading--v2 stk-block stk-8f66107\" id=\"our-vision\" data-block-id=\"8f66107\"><style>.stk-8f66107 .stk-block-heading__text{font-size:50px !important}.stk-8f66107 .stk-block-heading__bottom-line{height:2px !important;background-color:var(--theme-palette-color-1,#c7df49) !important}@media screen and (max-width:999px){.stk-8f66107 .stk-block-heading__text{font-size:50px !important}}@media screen and (max-width:689px){.stk-8f66107 .stk-block-heading__text{font-size:28px !important}}<\/style><h2 class=\"stk-block-heading__text\">Notre vision<\/h2><div class=\"stk-block-heading__bottom-line\"><\/div><\/div>\n\n\n\n<p>Notre vision au LE MONDE LABORATORY est de devenir la principale agence de s\u00e9lection intelligente de m\u00e9dicaments dans le monde, \u00e9tablissant de nouvelles normes d'excellence dans l'industrie.<\/p>\n\n\n\n<p>Nous envisageons un avenir o\u00f9 nos technologies avanc\u00e9es et notre expertise contribuent \u00e0 cr\u00e9er des environnements plus s\u00fbrs, des communaut\u00e9s plus saines et une soci\u00e9t\u00e9 lib\u00e9r\u00e9e des effets n\u00e9fastes de l'abus de drogues et d'alcool.<\/p>\n\n\n\n<div class=\"wp-block-stackable-button-group stk-block-button-group stk-block stk-41de353\" data-block-id=\"41de353\"><div class=\"stk-row stk-inner-blocks stk-block-content stk-button-group\">\n<div class=\"wp-block-stackable-button stk-block-button stk-block stk-c154a95\" data-block-id=\"c154a95\"><style>.stk-c154a95 .stk-button{background:var(--theme-palette-color-4,#0a0f5b) !important}<\/style><a class=\"stk-link stk-button stk--hover-effect-darken\" href=\"\/fr\/contact\/\"><span class=\"stk-button__inner-text\">Contactez-nous<\/span><\/a><\/div>\n<\/div><\/div>\n<\/div><\/div><\/div>\n<\/div><\/div>\n<\/div><\/div><\/div>\n<\/div><\/div>","protected":false},"excerpt":{"rendered":"<p>About Us LE MONDE LABORATORY is a company founded in the medical field, specializing in providing pre- and post-use drug testing services. Our primary goal is to significantly improve the health system and the safety of the population (public sector, private sector, and civil society). Contact us Our mision At LE MONDE LABORATORY, our mission [&hellip;]<\/p>\n","protected":false},"author":1,"featured_media":0,"parent":0,"menu_order":0,"comment_status":"closed","ping_status":"closed","template":"","meta":{"_coblocks_attr":"","_coblocks_dimensions":"","_coblocks_responsive_height":"","_coblocks_accordion_ie_support":"","footnotes":""},"class_list":["post-98","page","type-page","status-publish","hentry"],"blocksy_meta":{"vertical_spacing_source":"custom","content_area_spacing":"none","styles_descriptor":{"styles":{"desktop":"","tablet":"","mobile":""},"google_fonts":[],"version":6}},"yoast_head":"<!-- This site is optimized with the Yoast SEO plugin v27.4 - https:\/\/yoast.com\/product\/yoast-seo-wordpress\/ -->\n<title>About Us - LE MONDE LABORATORY<\/title>\n<meta name=\"robots\" content=\"index, follow, max-snippet:-1, max-image-preview:large, max-video-preview:-1\" \/>\n<link rel=\"canonical\" href=\"https:\/\/lemondelaboratory.com\/fr\/about-us\/\" \/>\n<meta property=\"og:locale\" content=\"fr_FR\" \/>\n<meta property=\"og:type\" content=\"article\" \/>\n<meta property=\"og:title\" content=\"About Us - LE MONDE LABORATORY\" \/>\n<meta property=\"og:description\" content=\"About Us LE MONDE LABORATORY is a company founded in the medical field, specializing in providing pre- and post-use drug testing services. Our primary goal is to significantly improve the health system and the safety of the population (public sector, private sector, and civil society). Contact us Our mision At LE MONDE LABORATORY, our mission [&hellip;]\" \/>\n<meta property=\"og:url\" content=\"https:\/\/lemondelaboratory.com\/fr\/about-us\/\" \/>\n<meta property=\"og:site_name\" content=\"LE MONDE LABORATORY\" \/>\n<meta property=\"article:modified_time\" content=\"2024-09-10T00:34:35+00:00\" \/>\n<meta property=\"og:image\" content=\"https:\/\/lemondelaboratory.com\/wp-content\/uploads\/2024\/09\/48123124_11zon.webp\" \/>\n<meta name=\"twitter:card\" content=\"summary_large_image\" \/>\n<meta name=\"twitter:label1\" content=\"Dur\u00e9e de lecture estim\u00e9e\" \/>\n\t<meta name=\"twitter:data1\" content=\"1 minute\" \/>\n<script type=\"application\/ld+json\" class=\"yoast-schema-graph\">{\"@context\":\"https:\\\/\\\/schema.org\",\"@graph\":[{\"@type\":\"WebPage\",\"@id\":\"https:\\\/\\\/lemondelaboratory.com\\\/about-us\\\/\",\"url\":\"https:\\\/\\\/lemondelaboratory.com\\\/about-us\\\/\",\"name\":\"About Us - LE MONDE LABORATORY\",\"isPartOf\":{\"@id\":\"https:\\\/\\\/lemondelaboratory.com\\\/#website\"},\"primaryImageOfPage\":{\"@id\":\"https:\\\/\\\/lemondelaboratory.com\\\/about-us\\\/#primaryimage\"},\"image\":{\"@id\":\"https:\\\/\\\/lemondelaboratory.com\\\/about-us\\\/#primaryimage\"},\"thumbnailUrl\":\"https:\\\/\\\/lemondelaboratory.com\\\/wp-content\\\/uploads\\\/2024\\\/09\\\/48123124_11zon.webp\",\"datePublished\":\"2024-08-31T05:48:21+00:00\",\"dateModified\":\"2024-09-10T00:34:35+00:00\",\"breadcrumb\":{\"@id\":\"https:\\\/\\\/lemondelaboratory.com\\\/about-us\\\/#breadcrumb\"},\"inLanguage\":\"fr-FR\",\"potentialAction\":[{\"@type\":\"ReadAction\",\"target\":[\"https:\\\/\\\/lemondelaboratory.com\\\/about-us\\\/\"]}]},{\"@type\":\"ImageObject\",\"inLanguage\":\"fr-FR\",\"@id\":\"https:\\\/\\\/lemondelaboratory.com\\\/about-us\\\/#primaryimage\",\"url\":\"https:\\\/\\\/lemondelaboratory.com\\\/wp-content\\\/uploads\\\/2024\\\/09\\\/48123124_11zon.webp\",\"contentUrl\":\"https:\\\/\\\/lemondelaboratory.com\\\/wp-content\\\/uploads\\\/2024\\\/09\\\/48123124_11zon.webp\"},{\"@type\":\"BreadcrumbList\",\"@id\":\"https:\\\/\\\/lemondelaboratory.com\\\/about-us\\\/#breadcrumb\",\"itemListElement\":[{\"@type\":\"ListItem\",\"position\":1,\"name\":\"Home\",\"item\":\"https:\\\/\\\/lemondelaboratory.com\\\/\"},{\"@type\":\"ListItem\",\"position\":2,\"name\":\"About Us\"}]},{\"@type\":\"WebSite\",\"@id\":\"https:\\\/\\\/lemondelaboratory.com\\\/#website\",\"url\":\"https:\\\/\\\/lemondelaboratory.com\\\/\",\"name\":\"LE MONDE LABORATORY\",\"description\":\"\",\"publisher\":{\"@id\":\"https:\\\/\\\/lemondelaboratory.com\\\/#organization\"},\"potentialAction\":[{\"@type\":\"SearchAction\",\"target\":{\"@type\":\"EntryPoint\",\"urlTemplate\":\"https:\\\/\\\/lemondelaboratory.com\\\/?s={search_term_string}\"},\"query-input\":{\"@type\":\"PropertyValueSpecification\",\"valueRequired\":true,\"valueName\":\"search_term_string\"}}],\"inLanguage\":\"fr-FR\"},{\"@type\":\"Organization\",\"@id\":\"https:\\\/\\\/lemondelaboratory.com\\\/#organization\",\"name\":\"LE MONDE LABORATORY\",\"url\":\"https:\\\/\\\/lemondelaboratory.com\\\/\",\"logo\":{\"@type\":\"ImageObject\",\"inLanguage\":\"fr-FR\",\"@id\":\"https:\\\/\\\/lemondelaboratory.com\\\/#\\\/schema\\\/logo\\\/image\\\/\",\"url\":\"https:\\\/\\\/lemondelaboratory.com\\\/wp-content\\\/uploads\\\/2024\\\/08\\\/image-removebg-preview-e1725083837447.png\",\"contentUrl\":\"https:\\\/\\\/lemondelaboratory.com\\\/wp-content\\\/uploads\\\/2024\\\/08\\\/image-removebg-preview-e1725083837447.png\",\"width\":532,\"height\":169,\"caption\":\"LE MONDE LABORATORY\"},\"image\":{\"@id\":\"https:\\\/\\\/lemondelaboratory.com\\\/#\\\/schema\\\/logo\\\/image\\\/\"}}]}<\/script>\n<!-- \/ Yoast SEO plugin. -->","yoast_head_json":{"title":"About Us - LE MONDE LABORATORY","robots":{"index":"index","follow":"follow","max-snippet":"max-snippet:-1","max-image-preview":"max-image-preview:large","max-video-preview":"max-video-preview:-1"},"canonical":"https:\/\/lemondelaboratory.com\/fr\/about-us\/","og_locale":"fr_FR","og_type":"article","og_title":"About Us - LE MONDE LABORATORY","og_description":"About Us LE MONDE LABORATORY is a company founded in the medical field, specializing in providing pre- and post-use drug testing services. Our primary goal is to significantly improve the health system and the safety of the population (public sector, private sector, and civil society). Contact us Our mision At LE MONDE LABORATORY, our mission [&hellip;]","og_url":"https:\/\/lemondelaboratory.com\/fr\/about-us\/","og_site_name":"LE MONDE LABORATORY","article_modified_time":"2024-09-10T00:34:35+00:00","og_image":[{"url":"https:\/\/lemondelaboratory.com\/wp-content\/uploads\/2024\/09\/48123124_11zon.webp","type":"","width":"","height":""}],"twitter_card":"summary_large_image","twitter_misc":{"Dur\u00e9e de lecture estim\u00e9e":"1 minute"},"schema":{"@context":"https:\/\/schema.org","@graph":[{"@type":"WebPage","@id":"https:\/\/lemondelaboratory.com\/about-us\/","url":"https:\/\/lemondelaboratory.com\/about-us\/","name":"About Us - LE MONDE LABORATORY","isPartOf":{"@id":"https:\/\/lemondelaboratory.com\/#website"},"primaryImageOfPage":{"@id":"https:\/\/lemondelaboratory.com\/about-us\/#primaryimage"},"image":{"@id":"https:\/\/lemondelaboratory.com\/about-us\/#primaryimage"},"thumbnailUrl":"https:\/\/lemondelaboratory.com\/wp-content\/uploads\/2024\/09\/48123124_11zon.webp","datePublished":"2024-08-31T05:48:21+00:00","dateModified":"2024-09-10T00:34:35+00:00","breadcrumb":{"@id":"https:\/\/lemondelaboratory.com\/about-us\/#breadcrumb"},"inLanguage":"fr-FR","potentialAction":[{"@type":"ReadAction","target":["https:\/\/lemondelaboratory.com\/about-us\/"]}]},{"@type":"ImageObject","inLanguage":"fr-FR","@id":"https:\/\/lemondelaboratory.com\/about-us\/#primaryimage","url":"https:\/\/lemondelaboratory.com\/wp-content\/uploads\/2024\/09\/48123124_11zon.webp","contentUrl":"https:\/\/lemondelaboratory.com\/wp-content\/uploads\/2024\/09\/48123124_11zon.webp"},{"@type":"BreadcrumbList","@id":"https:\/\/lemondelaboratory.com\/about-us\/#breadcrumb","itemListElement":[{"@type":"ListItem","position":1,"name":"Home","item":"https:\/\/lemondelaboratory.com\/"},{"@type":"ListItem","position":2,"name":"About Us"}]},{"@type":"WebSite","@id":"https:\/\/lemondelaboratory.com\/#website","url":"https:\/\/lemondelaboratory.com\/","name":"LE MONDE LABORATORY","description":"","publisher":{"@id":"https:\/\/lemondelaboratory.com\/#organization"},"potentialAction":[{"@type":"SearchAction","target":{"@type":"EntryPoint","urlTemplate":"https:\/\/lemondelaboratory.com\/?s={search_term_string}"},"query-input":{"@type":"PropertyValueSpecification","valueRequired":true,"valueName":"search_term_string"}}],"inLanguage":"fr-FR"},{"@type":"Organization","@id":"https:\/\/lemondelaboratory.com\/#organization","name":"LE MONDE LABORATORY","url":"https:\/\/lemondelaboratory.com\/","logo":{"@type":"ImageObject","inLanguage":"fr-FR","@id":"https:\/\/lemondelaboratory.com\/#\/schema\/logo\/image\/","url":"https:\/\/lemondelaboratory.com\/wp-content\/uploads\/2024\/08\/image-removebg-preview-e1725083837447.png","contentUrl":"https:\/\/lemondelaboratory.com\/wp-content\/uploads\/2024\/08\/image-removebg-preview-e1725083837447.png","width":532,"height":169,"caption":"LE MONDE LABORATORY"},"image":{"@id":"https:\/\/lemondelaboratory.com\/#\/schema\/logo\/image\/"}}]}},"_links":{"self":[{"href":"https:\/\/lemondelaboratory.com\/fr\/wp-json\/wp\/v2\/pages\/98","targetHints":{"allow":["GET"]}}],"collection":[{"href":"https:\/\/lemondelaboratory.com\/fr\/wp-json\/wp\/v2\/pages"}],"about":[{"href":"https:\/\/lemondelaboratory.com\/fr\/wp-json\/wp\/v2\/types\/page"}],"author":[{"embeddable":true,"href":"https:\/\/lemondelaboratory.com\/fr\/wp-json\/wp\/v2\/users\/1"}],"replies":[{"embeddable":true,"href":"https:\/\/lemondelaboratory.com\/fr\/wp-json\/wp\/v2\/comments?post=98"}],"version-history":[{"count":29,"href":"https:\/\/lemondelaboratory.com\/fr\/wp-json\/wp\/v2\/pages\/98\/revisions"}],"predecessor-version":[{"id":392,"href":"https:\/\/lemondelaboratory.com\/fr\/wp-json\/wp\/v2\/pages\/98\/revisions\/392"}],"wp:attachment":[{"href":"https:\/\/lemondelaboratory.com\/fr\/wp-json\/wp\/v2\/media?parent=98"}],"curies":[{"name":"wp","href":"https:\/\/api.w.org\/{rel}","templated":true}]}}