{"id":187,"date":"2024-09-02T23:41:37","date_gmt":"2024-09-02T23:41:37","guid":{"rendered":"https:\/\/lemondelaboratory.com\/?page_id=187"},"modified":"2024-09-11T17:07:38","modified_gmt":"2024-09-11T17:07:38","slug":"services","status":"publish","type":"page","link":"https:\/\/lemondelaboratory.com\/fr\/services\/","title":{"rendered":"Services"},"content":{"rendered":"<div class=\"wp-block-stackable-heading stk-block-heading stk-block-heading--v2 stk-block stk-0fba456\" id=\"our-services\" data-block-id=\"0fba456\"><h1 class=\"stk-block-heading__text\">Nos Services<\/h1><\/div>\n\n\n\n<div class=\"wp-block-stackable-columns alignfull stk-block-columns stk-block stk-1b7f15b stk-block-background\" id=\"drug-testing\" data-block-id=\"1b7f15b\"><style>.stk-1b7f15b{background-color:var(--theme-palette-color-8,#ffffff) !important;padding-top:60px !important;padding-bottom:60px !important;margin-bottom:0px !important}.stk-1b7f15b:before{background-color:var(--theme-palette-color-8,#ffffff) !important}<\/style><div class=\"stk-row stk-inner-blocks stk-block-content stk-content-align stk-1b7f15b-column alignfull\">\n<div class=\"wp-block-stackable-column stk-block-column stk-column stk-block stk-bd574a6\" data-v=\"4\" data-block-id=\"bd574a6\"><div class=\"stk-column-wrapper stk-block-column__content stk-container stk-bd574a6-container stk--no-background stk--no-padding\"><div class=\"stk-block-content stk-inner-blocks stk-bd574a6-inner-blocks\">\n<div class=\"wp-block-stackable-columns aligncenter stk-block-columns stk-block stk-b09f0d5\" data-block-id=\"b09f0d5\"><div class=\"stk-row stk-inner-blocks stk-block-content stk-content-align stk-b09f0d5-column\">\n<div class=\"wp-block-stackable-column stk-block-column stk-column stk-block stk-0b97f08\" data-v=\"4\" data-block-id=\"0b97f08\"><style>@media screen and (min-width:690px){.stk-0b97f08{flex:var(--stk-flex-grow,1) 1 calc(60% - var(--stk-column-gap,0px) * 1 \/ 2 ) !important}}<\/style><div class=\"stk-column-wrapper stk-block-column__content stk-container stk-0b97f08-container stk--no-background stk--no-padding\"><div class=\"stk-block-content stk-inner-blocks stk-0b97f08-inner-blocks\">\n<div class=\"wp-block-stackable-heading stk-block-heading stk-block-heading--v2 stk-block stk-49a61c4\" id=\"drug-testing\" data-block-id=\"49a61c4\"><h2 class=\"stk-block-heading__text\">D\u00e9pistage de drogues<\/h2><\/div>\n\n\n\n<p><strong>1. Test de d\u00e9pistage de drogues dans l'urine<\/strong> Le test de d\u00e9pistage de drogues dans l'urine est la m\u00e9thode la plus courante et la plus utilis\u00e9e. Elle est non invasive, fiable et peut d\u00e9tecter une large gamme de substances, y compris la marijuana, la coca\u00efne, les amph\u00e9tamines et bien plus encore.<\/p>\n\n\n\n<p><strong>2. Test de d\u00e9pistage de drogues dans le sang<\/strong> Le test de d\u00e9pistage de drogues dans le sang offre une analyse plus pr\u00e9cise des niveaux de drogue dans le syst\u00e8me. Cette m\u00e9thode est souvent utilis\u00e9e dans les affaires juridiques ou pour d\u00e9terminer une consommation r\u00e9cente de drogues.<\/p>\n\n\n\n<p><strong>3. Test de d\u00e9pistage de drogues dans la salive<\/strong> Le test de d\u00e9pistage de drogues dans la salive est une option moins invasive qui offre des r\u00e9sultats rapides et pr\u00e9cis.<\/p>\n\n\n\n<p><strong>4. Test de d\u00e9pistage de drogues dans les cheveux<\/strong> Le test de d\u00e9pistage de drogues dans les cheveux offre une vue \u00e0 long terme de la consommation de drogues, d\u00e9tectant les substances utilis\u00e9es jusqu'\u00e0 90 jours auparavant.<\/p>\n<\/div><\/div><\/div>\n\n\n\n<div class=\"wp-block-stackable-column stk-block-column stk-column stk-block stk-887c050\" data-v=\"4\" data-block-id=\"887c050\"><style>@media screen and (min-width:690px){.stk-887c050{flex:var(--stk-flex-grow,1) 1 calc(40% - var(--stk-column-gap,0px) * 1 \/ 2 ) !important}}<\/style><div class=\"stk-column-wrapper stk-block-column__content stk-container stk-887c050-container stk--no-background stk--no-padding\"><div class=\"stk-block-content stk-inner-blocks stk-887c050-inner-blocks\">\n<div class=\"wp-block-stackable-image stk-block-image stk-block stk-4da2da3\" data-block-id=\"4da2da3\"><style>.stk-4da2da3 .stk-img-wrapper{aspect-ratio:1\/1 !important;height:auto !important}.stk-4da2da3 .stk-img-wrapper img{border-radius:10px !important}@media screen and (max-width:999px){.stk-4da2da3 .stk-img-wrapper{height:auto !important}}@media screen and (max-width:689px){.stk-4da2da3 .stk-img-wrapper{height:auto !important}}<\/style><figure><span class=\"stk-img-wrapper stk-image--shape-stretch\"><img loading=\"lazy\" decoding=\"async\" class=\"stk-img wp-image-368\" src=\"https:\/\/lemondelaboratory.com\/wp-content\/uploads\/2024\/09\/2148747asdasd867_11zon.webp\" width=\"2000\" height=\"1333\" alt=\"drug testing\" srcset=\"https:\/\/lemondelaboratory.com\/wp-content\/uploads\/2024\/09\/2148747asdasd867_11zon.webp 2000w, https:\/\/lemondelaboratory.com\/wp-content\/uploads\/2024\/09\/2148747asdasd867_11zon-300x200.webp 300w, https:\/\/lemondelaboratory.com\/wp-content\/uploads\/2024\/09\/2148747asdasd867_11zon-1024x682.webp 1024w, https:\/\/lemondelaboratory.com\/wp-content\/uploads\/2024\/09\/2148747asdasd867_11zon-768x512.webp 768w, https:\/\/lemondelaboratory.com\/wp-content\/uploads\/2024\/09\/2148747asdasd867_11zon-1536x1024.webp 1536w, https:\/\/lemondelaboratory.com\/wp-content\/uploads\/2024\/09\/2148747asdasd867_11zon-18x12.webp 18w\" sizes=\"auto, (max-width: 2000px) 100vw, 2000px\" \/><\/span><\/figure><\/div>\n<\/div><\/div><\/div>\n<\/div><\/div>\n<\/div><\/div><\/div>\n<\/div><\/div>\n\n\n\n<div class=\"wp-block-stackable-columns alignfull stk-block-columns stk-block stk-a3dfb21\" id=\"specialized-tests\" data-block-id=\"a3dfb21\"><style>.stk-a3dfb21{padding-top:60px !important;padding-bottom:60px !important;margin-bottom:0px !important}<\/style><div class=\"stk-row stk-inner-blocks stk-block-content stk-content-align stk-a3dfb21-column alignfull\">\n<div class=\"wp-block-stackable-column stk-block-column stk-column stk-block stk-3ba65ec\" data-v=\"4\" data-block-id=\"3ba65ec\"><div class=\"stk-column-wrapper stk-block-column__content stk-container stk-3ba65ec-container stk--no-background stk--no-padding\"><div class=\"stk-block-content stk-inner-blocks stk-3ba65ec-inner-blocks\">\n<div class=\"wp-block-stackable-columns aligncenter stk-block-columns stk-block stk-d8ba812\" data-block-id=\"d8ba812\"><div class=\"stk-row stk-inner-blocks stk-block-content stk-content-align stk-d8ba812-column\">\n<div class=\"wp-block-stackable-column stk-block-column stk-column stk-block stk-591a8f7\" data-v=\"4\" data-block-id=\"591a8f7\"><style>@media screen and (min-width:690px){.stk-591a8f7{flex:var(--stk-flex-grow,1) 1 calc(40% - var(--stk-column-gap,0px) * 1 \/ 2 ) !important}}<\/style><div class=\"stk-column-wrapper stk-block-column__content stk-container stk-591a8f7-container stk--no-background stk--no-padding\"><div class=\"stk-block-content stk-inner-blocks stk-591a8f7-inner-blocks\">\n<div class=\"wp-block-stackable-image stk-block-image stk-block stk-02b9683\" data-block-id=\"02b9683\"><style>.stk-02b9683 .stk-img-wrapper{aspect-ratio:1\/1 !important;height:auto !important}.stk-02b9683 .stk-img-wrapper img{border-radius:10px !important}@media screen and (max-width:999px){.stk-02b9683 .stk-img-wrapper{height:auto !important}}@media screen and (max-width:689px){.stk-02b9683 .stk-img-wrapper{height:auto !important}}<\/style><figure><span class=\"stk-img-wrapper stk-image--shape-stretch\"><img loading=\"lazy\" decoding=\"async\" class=\"stk-img wp-image-367\" src=\"https:\/\/lemondelaboratory.com\/wp-content\/uploads\/2024\/09\/48123124_11zon.webp\" width=\"1333\" height=\"2000\" alt=\"specialized tests\" srcset=\"https:\/\/lemondelaboratory.com\/wp-content\/uploads\/2024\/09\/48123124_11zon.webp 1333w, https:\/\/lemondelaboratory.com\/wp-content\/uploads\/2024\/09\/48123124_11zon-200x300.webp 200w, https:\/\/lemondelaboratory.com\/wp-content\/uploads\/2024\/09\/48123124_11zon-682x1024.webp 682w, https:\/\/lemondelaboratory.com\/wp-content\/uploads\/2024\/09\/48123124_11zon-768x1152.webp 768w, https:\/\/lemondelaboratory.com\/wp-content\/uploads\/2024\/09\/48123124_11zon-1024x1536.webp 1024w, https:\/\/lemondelaboratory.com\/wp-content\/uploads\/2024\/09\/48123124_11zon-8x12.webp 8w\" sizes=\"auto, (max-width: 1333px) 100vw, 1333px\" \/><\/span><\/figure><\/div>\n<\/div><\/div><\/div>\n\n\n\n<div class=\"wp-block-stackable-column stk-block-column stk-column stk-block stk-25d2d74\" data-v=\"4\" data-block-id=\"25d2d74\"><style>@media screen and (min-width:690px){.stk-25d2d74{flex:var(--stk-flex-grow,1) 1 calc(60% - var(--stk-column-gap,0px) * 1 \/ 2 ) !important}}<\/style><div class=\"stk-column-wrapper stk-block-column__content stk-container stk-25d2d74-container stk--no-background stk--no-padding\"><div class=\"stk-block-content stk-inner-blocks stk-25d2d74-inner-blocks\">\n<div class=\"wp-block-stackable-heading stk-block-heading stk-block-heading--v2 stk-block stk-3cbdb51\" id=\"specialized-tests\" data-block-id=\"3cbdb51\"><h2 class=\"stk-block-heading__text\">Tests sp\u00e9cialis\u00e9s<\/h2><\/div>\n\n\n\n<p>Nos services de tests sp\u00e9cialis\u00e9s sont con\u00e7us pour r\u00e9pondre aux besoins uniques de divers secteurs, y compris les lieux de travail, les \u00e9coles et les organisations sportives. Nous offrons des solutions de tests avanc\u00e9es qui garantissent pr\u00e9cision, conformit\u00e9 et s\u00e9curit\u00e9.<\/p>\n\n\n\n<p class=\"translation-block\"><strong>1. Tests de d\u00e9pistage de drogues en milieu de travail<\/strong> Assurez un environnement de travail s\u00fbr et productif avec nos services de d\u00e9pistage de drogues en milieu de travail.<\/p>\n\n\n\n<p class=\"translation-block\"><strong>2. Tests de d\u00e9pistage de drogues dans les \u00e9coles<\/strong> Promouvez un environnement d'apprentissage sain et s\u00fbr avec nos programmes de d\u00e9pistage de drogues dans les \u00e9coles.<\/p>\n\n\n\n<p class=\"translation-block\"><strong>3. Tests de d\u00e9pistage de drogues dans le sport<\/strong> Maintenez l'\u00e9quit\u00e9 et la s\u00e9curit\u00e9 des athl\u00e8tes avec nos services de d\u00e9pistage de drogues dans le sport.<\/p>\n\n\n\n<p class=\"translation-block\"><strong>4. Tests avanc\u00e9s pour besoins sp\u00e9cialis\u00e9s<\/strong> Pour les industries et secteurs n\u00e9cessitant des tests tr\u00e8s sp\u00e9cifiques, nous proposons des solutions de tests avanc\u00e9es.<\/p>\n<\/div><\/div><\/div>\n<\/div><\/div>\n<\/div><\/div><\/div>\n<\/div><\/div>\n\n\n\n<div class=\"wp-block-stackable-columns alignfull stk-block-columns stk-block stk-ed42cf8 stk-block-background\" id=\"consultation-and-advisory\" data-block-id=\"ed42cf8\"><style>.stk-ed42cf8{background-color:var(--theme-palette-color-8,#ffffff) !important;padding-top:60px !important;padding-bottom:60px !important;margin-bottom:0px !important}.stk-ed42cf8:before{background-color:var(--theme-palette-color-8,#ffffff) !important}<\/style><div class=\"stk-row stk-inner-blocks stk-block-content stk-content-align stk-ed42cf8-column alignfull\">\n<div class=\"wp-block-stackable-column stk-block-column stk-column stk-block stk-d695b8f\" data-v=\"4\" data-block-id=\"d695b8f\"><div class=\"stk-column-wrapper stk-block-column__content stk-container stk-d695b8f-container stk--no-background stk--no-padding\"><div class=\"stk-block-content stk-inner-blocks stk-d695b8f-inner-blocks\">\n<div class=\"wp-block-stackable-columns aligncenter stk-block-columns stk-block stk-fe2d7df\" data-block-id=\"fe2d7df\"><div class=\"stk-row stk-inner-blocks stk-block-content stk-content-align stk-fe2d7df-column\">\n<div class=\"wp-block-stackable-column stk-block-column stk-column stk-block stk-16e33d4\" data-v=\"4\" data-block-id=\"16e33d4\"><style>@media screen and (min-width:690px){.stk-16e33d4{flex:var(--stk-flex-grow,1) 1 calc(60% - var(--stk-column-gap,0px) * 1 \/ 2 ) !important}}<\/style><div class=\"stk-column-wrapper stk-block-column__content stk-container stk-16e33d4-container stk--no-background stk--no-padding\"><div class=\"stk-block-content stk-inner-blocks stk-16e33d4-inner-blocks\">\n<div class=\"wp-block-stackable-heading stk-block-heading stk-block-heading--v2 stk-block stk-2e893b1\" id=\"strong-consultation-and-advisory-strong\" data-block-id=\"2e893b1\"><h2 class=\"stk-block-heading__text\"><strong>Consultation et conseil<\/strong><\/h2><\/div>\n\n\n\n<p class=\"translation-block\"><strong>1. Conseil en strat\u00e9gie d'entreprise<\/strong> Lib\u00e9rez le potentiel de votre entreprise avec nos services de conseil strat\u00e9gique.<\/p>\n\n\n\n<p class=\"translation-block\"><strong>2. Conseil financier<\/strong> Naviguez dans les complexit\u00e9s de la finance avec nos services experts de conseil financier. Nous offrons des conseils sur la budg\u00e9tisation, la planification financi\u00e8re, la gestion des risques et les strat\u00e9gies d\u2019investissement adapt\u00e9es aux besoins de votre organisation.<\/p>\n\n\n\n<p class=\"translation-block\"><strong>3. Conseil en efficacit\u00e9 op\u00e9rationnelle<\/strong> Am\u00e9liorez l'efficacit\u00e9 et la productivit\u00e9 de votre organisation avec nos services de conseil op\u00e9rationnel.<\/p>\n<\/div><\/div><\/div>\n\n\n\n<div class=\"wp-block-stackable-column stk-block-column stk-column stk-block stk-a7fbe50\" data-v=\"4\" data-block-id=\"a7fbe50\"><style>@media screen and (min-width:690px){.stk-a7fbe50{flex:var(--stk-flex-grow,1) 1 calc(40% - var(--stk-column-gap,0px) * 1 \/ 2 ) !important}}<\/style><div class=\"stk-column-wrapper stk-block-column__content stk-container stk-a7fbe50-container stk--no-background stk--no-padding\"><div class=\"stk-block-content stk-inner-blocks stk-a7fbe50-inner-blocks\">\n<div class=\"wp-block-stackable-image stk-block-image stk-block stk-90d1c0e\" data-block-id=\"90d1c0e\"><style>.stk-90d1c0e .stk-img-wrapper{aspect-ratio:4\/3 !important;height:auto !important}.stk-90d1c0e .stk-img-wrapper img{border-radius:10px !important}@media screen and (max-width:999px){.stk-90d1c0e .stk-img-wrapper{height:auto !important}}@media screen and (max-width:689px){.stk-90d1c0e .stk-img-wrapper{height:auto !important}}<\/style><figure><span class=\"stk-img-wrapper stk-image--shape-stretch\"><img loading=\"lazy\" decoding=\"async\" class=\"stk-img wp-image-364\" src=\"https:\/\/lemondelaboratory.com\/wp-content\/uploads\/2024\/09\/28267_11zon.webp\" width=\"2000\" height=\"1125\" alt=\"consultation lemon de laboratory\" srcset=\"https:\/\/lemondelaboratory.com\/wp-content\/uploads\/2024\/09\/28267_11zon.webp 2000w, https:\/\/lemondelaboratory.com\/wp-content\/uploads\/2024\/09\/28267_11zon-300x169.webp 300w, https:\/\/lemondelaboratory.com\/wp-content\/uploads\/2024\/09\/28267_11zon-1024x576.webp 1024w, https:\/\/lemondelaboratory.com\/wp-content\/uploads\/2024\/09\/28267_11zon-768x432.webp 768w, https:\/\/lemondelaboratory.com\/wp-content\/uploads\/2024\/09\/28267_11zon-1536x864.webp 1536w, https:\/\/lemondelaboratory.com\/wp-content\/uploads\/2024\/09\/28267_11zon-18x10.webp 18w\" sizes=\"auto, (max-width: 2000px) 100vw, 2000px\" \/><\/span><\/figure><\/div>\n<\/div><\/div><\/div>\n<\/div><\/div>\n<\/div><\/div><\/div>\n<\/div><\/div>","protected":false},"excerpt":{"rendered":"<p>Our Services Drug Testing 1. Urine Drug Testing Urine drug testing is the most common and widely used method. It\u2019s non-invasive, reliable, and can detect a wide range of substances, including marijuana, cocaine, amphetamines, and more. 2. Blood Drug Testing Blood drug testing offers a more precise analysis of drug levels in the system. This [&hellip;]<\/p>\n","protected":false},"author":1,"featured_media":0,"parent":0,"menu_order":0,"comment_status":"closed","ping_status":"closed","template":"","meta":{"_coblocks_attr":"","_coblocks_dimensions":"","_coblocks_responsive_height":"","_coblocks_accordion_ie_support":"","footnotes":""},"class_list":["post-187","page","type-page","status-publish","hentry"],"blocksy_meta":[],"yoast_head":"<!-- This site is optimized with the Yoast SEO plugin v27.4 - https:\/\/yoast.com\/product\/yoast-seo-wordpress\/ -->\n<title>Services - LE MONDE LABORATORY<\/title>\n<meta name=\"robots\" content=\"index, follow, max-snippet:-1, max-image-preview:large, max-video-preview:-1\" \/>\n<link rel=\"canonical\" href=\"https:\/\/lemondelaboratory.com\/fr\/services\/\" \/>\n<meta property=\"og:locale\" content=\"fr_FR\" \/>\n<meta property=\"og:type\" content=\"article\" \/>\n<meta property=\"og:title\" content=\"Services - LE MONDE LABORATORY\" \/>\n<meta property=\"og:description\" content=\"Our Services Drug Testing 1. Urine Drug Testing Urine drug testing is the most common and widely used method. It\u2019s non-invasive, reliable, and can detect a wide range of substances, including marijuana, cocaine, amphetamines, and more. 2. Blood Drug Testing Blood drug testing offers a more precise analysis of drug levels in the system. This [&hellip;]\" \/>\n<meta property=\"og:url\" content=\"https:\/\/lemondelaboratory.com\/fr\/services\/\" \/>\n<meta property=\"og:site_name\" content=\"LE MONDE LABORATORY\" \/>\n<meta property=\"article:modified_time\" content=\"2024-09-11T17:07:38+00:00\" \/>\n<meta property=\"og:image\" content=\"https:\/\/lemondelaboratory.com\/wp-content\/uploads\/2024\/09\/2148747asdasd867_11zon.webp\" \/>\n<meta name=\"twitter:card\" content=\"summary_large_image\" \/>\n<meta name=\"twitter:label1\" content=\"Dur\u00e9e de lecture estim\u00e9e\" \/>\n\t<meta name=\"twitter:data1\" content=\"1 minute\" \/>\n<script type=\"application\/ld+json\" class=\"yoast-schema-graph\">{\"@context\":\"https:\\\/\\\/schema.org\",\"@graph\":[{\"@type\":\"WebPage\",\"@id\":\"https:\\\/\\\/lemondelaboratory.com\\\/services\\\/\",\"url\":\"https:\\\/\\\/lemondelaboratory.com\\\/services\\\/\",\"name\":\"Services - LE MONDE LABORATORY\",\"isPartOf\":{\"@id\":\"https:\\\/\\\/lemondelaboratory.com\\\/#website\"},\"primaryImageOfPage\":{\"@id\":\"https:\\\/\\\/lemondelaboratory.com\\\/services\\\/#primaryimage\"},\"image\":{\"@id\":\"https:\\\/\\\/lemondelaboratory.com\\\/services\\\/#primaryimage\"},\"thumbnailUrl\":\"https:\\\/\\\/lemondelaboratory.com\\\/wp-content\\\/uploads\\\/2024\\\/09\\\/2148747asdasd867_11zon.webp\",\"datePublished\":\"2024-09-02T23:41:37+00:00\",\"dateModified\":\"2024-09-11T17:07:38+00:00\",\"breadcrumb\":{\"@id\":\"https:\\\/\\\/lemondelaboratory.com\\\/services\\\/#breadcrumb\"},\"inLanguage\":\"fr-FR\",\"potentialAction\":[{\"@type\":\"ReadAction\",\"target\":[\"https:\\\/\\\/lemondelaboratory.com\\\/services\\\/\"]}]},{\"@type\":\"ImageObject\",\"inLanguage\":\"fr-FR\",\"@id\":\"https:\\\/\\\/lemondelaboratory.com\\\/services\\\/#primaryimage\",\"url\":\"https:\\\/\\\/lemondelaboratory.com\\\/wp-content\\\/uploads\\\/2024\\\/09\\\/2148747asdasd867_11zon.webp\",\"contentUrl\":\"https:\\\/\\\/lemondelaboratory.com\\\/wp-content\\\/uploads\\\/2024\\\/09\\\/2148747asdasd867_11zon.webp\"},{\"@type\":\"BreadcrumbList\",\"@id\":\"https:\\\/\\\/lemondelaboratory.com\\\/services\\\/#breadcrumb\",\"itemListElement\":[{\"@type\":\"ListItem\",\"position\":1,\"name\":\"Home\",\"item\":\"https:\\\/\\\/lemondelaboratory.com\\\/\"},{\"@type\":\"ListItem\",\"position\":2,\"name\":\"Services\"}]},{\"@type\":\"WebSite\",\"@id\":\"https:\\\/\\\/lemondelaboratory.com\\\/#website\",\"url\":\"https:\\\/\\\/lemondelaboratory.com\\\/\",\"name\":\"LE MONDE LABORATORY\",\"description\":\"\",\"publisher\":{\"@id\":\"https:\\\/\\\/lemondelaboratory.com\\\/#organization\"},\"potentialAction\":[{\"@type\":\"SearchAction\",\"target\":{\"@type\":\"EntryPoint\",\"urlTemplate\":\"https:\\\/\\\/lemondelaboratory.com\\\/?s={search_term_string}\"},\"query-input\":{\"@type\":\"PropertyValueSpecification\",\"valueRequired\":true,\"valueName\":\"search_term_string\"}}],\"inLanguage\":\"fr-FR\"},{\"@type\":\"Organization\",\"@id\":\"https:\\\/\\\/lemondelaboratory.com\\\/#organization\",\"name\":\"LE MONDE LABORATORY\",\"url\":\"https:\\\/\\\/lemondelaboratory.com\\\/\",\"logo\":{\"@type\":\"ImageObject\",\"inLanguage\":\"fr-FR\",\"@id\":\"https:\\\/\\\/lemondelaboratory.com\\\/#\\\/schema\\\/logo\\\/image\\\/\",\"url\":\"https:\\\/\\\/lemondelaboratory.com\\\/wp-content\\\/uploads\\\/2024\\\/08\\\/image-removebg-preview-e1725083837447.png\",\"contentUrl\":\"https:\\\/\\\/lemondelaboratory.com\\\/wp-content\\\/uploads\\\/2024\\\/08\\\/image-removebg-preview-e1725083837447.png\",\"width\":532,\"height\":169,\"caption\":\"LE MONDE LABORATORY\"},\"image\":{\"@id\":\"https:\\\/\\\/lemondelaboratory.com\\\/#\\\/schema\\\/logo\\\/image\\\/\"}}]}<\/script>\n<!-- \/ Yoast SEO plugin. -->","yoast_head_json":{"title":"Services - LE MONDE LABORATORY","robots":{"index":"index","follow":"follow","max-snippet":"max-snippet:-1","max-image-preview":"max-image-preview:large","max-video-preview":"max-video-preview:-1"},"canonical":"https:\/\/lemondelaboratory.com\/fr\/services\/","og_locale":"fr_FR","og_type":"article","og_title":"Services - LE MONDE LABORATORY","og_description":"Our Services Drug Testing 1. Urine Drug Testing Urine drug testing is the most common and widely used method. It\u2019s non-invasive, reliable, and can detect a wide range of substances, including marijuana, cocaine, amphetamines, and more. 2. Blood Drug Testing Blood drug testing offers a more precise analysis of drug levels in the system. This [&hellip;]","og_url":"https:\/\/lemondelaboratory.com\/fr\/services\/","og_site_name":"LE MONDE LABORATORY","article_modified_time":"2024-09-11T17:07:38+00:00","og_image":[{"url":"https:\/\/lemondelaboratory.com\/wp-content\/uploads\/2024\/09\/2148747asdasd867_11zon.webp","type":"","width":"","height":""}],"twitter_card":"summary_large_image","twitter_misc":{"Dur\u00e9e de lecture estim\u00e9e":"1 minute"},"schema":{"@context":"https:\/\/schema.org","@graph":[{"@type":"WebPage","@id":"https:\/\/lemondelaboratory.com\/services\/","url":"https:\/\/lemondelaboratory.com\/services\/","name":"Services - LE MONDE LABORATORY","isPartOf":{"@id":"https:\/\/lemondelaboratory.com\/#website"},"primaryImageOfPage":{"@id":"https:\/\/lemondelaboratory.com\/services\/#primaryimage"},"image":{"@id":"https:\/\/lemondelaboratory.com\/services\/#primaryimage"},"thumbnailUrl":"https:\/\/lemondelaboratory.com\/wp-content\/uploads\/2024\/09\/2148747asdasd867_11zon.webp","datePublished":"2024-09-02T23:41:37+00:00","dateModified":"2024-09-11T17:07:38+00:00","breadcrumb":{"@id":"https:\/\/lemondelaboratory.com\/services\/#breadcrumb"},"inLanguage":"fr-FR","potentialAction":[{"@type":"ReadAction","target":["https:\/\/lemondelaboratory.com\/services\/"]}]},{"@type":"ImageObject","inLanguage":"fr-FR","@id":"https:\/\/lemondelaboratory.com\/services\/#primaryimage","url":"https:\/\/lemondelaboratory.com\/wp-content\/uploads\/2024\/09\/2148747asdasd867_11zon.webp","contentUrl":"https:\/\/lemondelaboratory.com\/wp-content\/uploads\/2024\/09\/2148747asdasd867_11zon.webp"},{"@type":"BreadcrumbList","@id":"https:\/\/lemondelaboratory.com\/services\/#breadcrumb","itemListElement":[{"@type":"ListItem","position":1,"name":"Home","item":"https:\/\/lemondelaboratory.com\/"},{"@type":"ListItem","position":2,"name":"Services"}]},{"@type":"WebSite","@id":"https:\/\/lemondelaboratory.com\/#website","url":"https:\/\/lemondelaboratory.com\/","name":"LE MONDE LABORATORY","description":"","publisher":{"@id":"https:\/\/lemondelaboratory.com\/#organization"},"potentialAction":[{"@type":"SearchAction","target":{"@type":"EntryPoint","urlTemplate":"https:\/\/lemondelaboratory.com\/?s={search_term_string}"},"query-input":{"@type":"PropertyValueSpecification","valueRequired":true,"valueName":"search_term_string"}}],"inLanguage":"fr-FR"},{"@type":"Organization","@id":"https:\/\/lemondelaboratory.com\/#organization","name":"LE MONDE LABORATORY","url":"https:\/\/lemondelaboratory.com\/","logo":{"@type":"ImageObject","inLanguage":"fr-FR","@id":"https:\/\/lemondelaboratory.com\/#\/schema\/logo\/image\/","url":"https:\/\/lemondelaboratory.com\/wp-content\/uploads\/2024\/08\/image-removebg-preview-e1725083837447.png","contentUrl":"https:\/\/lemondelaboratory.com\/wp-content\/uploads\/2024\/08\/image-removebg-preview-e1725083837447.png","width":532,"height":169,"caption":"LE MONDE LABORATORY"},"image":{"@id":"https:\/\/lemondelaboratory.com\/#\/schema\/logo\/image\/"}}]}},"_links":{"self":[{"href":"https:\/\/lemondelaboratory.com\/fr\/wp-json\/wp\/v2\/pages\/187","targetHints":{"allow":["GET"]}}],"collection":[{"href":"https:\/\/lemondelaboratory.com\/fr\/wp-json\/wp\/v2\/pages"}],"about":[{"href":"https:\/\/lemondelaboratory.com\/fr\/wp-json\/wp\/v2\/types\/page"}],"author":[{"embeddable":true,"href":"https:\/\/lemondelaboratory.com\/fr\/wp-json\/wp\/v2\/users\/1"}],"replies":[{"embeddable":true,"href":"https:\/\/lemondelaboratory.com\/fr\/wp-json\/wp\/v2\/comments?post=187"}],"version-history":[{"count":10,"href":"https:\/\/lemondelaboratory.com\/fr\/wp-json\/wp\/v2\/pages\/187\/revisions"}],"predecessor-version":[{"id":396,"href":"https:\/\/lemondelaboratory.com\/fr\/wp-json\/wp\/v2\/pages\/187\/revisions\/396"}],"wp:attachment":[{"href":"https:\/\/lemondelaboratory.com\/fr\/wp-json\/wp\/v2\/media?parent=187"}],"curies":[{"name":"wp","href":"https:\/\/api.w.org\/{rel}","templated":true}]}}